{"id":7,"date":"2018-10-09T09:16:29","date_gmt":"2018-10-09T09:16:29","guid":{"rendered":"http:\/\/floresdelavictoria.com\/about\/"},"modified":"2024-05-23T18:55:55","modified_gmt":"2024-05-23T18:55:55","slug":"about","status":"publish","type":"page","link":"https:\/\/floresdelavictoria.com\/es\/about\/","title":{"rendered":"Sobre Nosotros"},"content":{"rendered":"<div data-elementor-type=\"wp-post\" data-elementor-id=\"7\" class=\"elementor elementor-7\">\n\t\t\t\t<div class=\"elementor-element elementor-element-28756bf e-flex e-con-boxed e-con e-parent\" data-id=\"28756bf\" data-element_type=\"container\" data-e-type=\"container\" data-settings=\"{&quot;background_background&quot;:&quot;classic&quot;,&quot;shape_divider_bottom&quot;:&quot;curve-asymmetrical&quot;,&quot;shape_divider_bottom_negative&quot;:&quot;yes&quot;}\">\n\t\t\t\t\t<div class=\"e-con-inner\">\n\t\t\t\t<div class=\"elementor-shape elementor-shape-bottom\" aria-hidden=\"true\" data-negative=\"true\">\n\t\t\t<svg xmlns=\"http:\/\/www.w3.org\/2000\/svg\" viewbox=\"0 0 1000 100\" preserveaspectratio=\"none\">\n\t<path class=\"elementor-shape-fill\" d=\"M615.2,96.7C240.2,97.8,0,18.9,0,0v100h1000V0C1000,19.2,989.8,96,615.2,96.7z\"\/>\n<\/svg>\t\t<\/div>\n\t\t<div class=\"elementor-element elementor-element-fc4258e e-con-full e-flex e-con e-child\" data-id=\"fc4258e\" data-element_type=\"container\" data-e-type=\"container\">\n\t\t\t\t<div class=\"elementor-element elementor-element-8480b37 elementor-widget elementor-widget-heading\" data-id=\"8480b37\" data-element_type=\"widget\" data-e-type=\"widget\" data-widget_type=\"heading.default\">\n\t\t\t\t<div class=\"elementor-widget-container\">\n\t\t\t\t\t<h2 class=\"elementor-heading-title elementor-size-default\">Sobre Nosotros.<\/h2>\t\t\t\t<\/div>\n\t\t\t\t<\/div>\n\t\t\t\t<\/div>\n\t\t\t\t\t<\/div>\n\t\t\t\t<\/div>\n\t\t\t\t<section class=\"elementor-section elementor-top-section elementor-element elementor-element-6ae1ff94 elementor-section-content-middle elementor-section-boxed elementor-section-height-default elementor-section-height-default\" data-id=\"6ae1ff94\" data-element_type=\"section\" data-e-type=\"section\">\n\t\t\t\t\t\t<div class=\"elementor-container elementor-column-gap-no\">\n\t\t\t\t\t<div class=\"elementor-column elementor-col-50 elementor-top-column elementor-element elementor-element-72e2e324\" data-id=\"72e2e324\" data-element_type=\"column\" data-e-type=\"column\">\n\t\t\t<div class=\"elementor-widget-wrap elementor-element-populated\">\n\t\t\t\t\t\t<div class=\"elementor-element elementor-element-68a8f8d elementor-widget elementor-widget-image\" data-id=\"68a8f8d\" data-element_type=\"widget\" data-e-type=\"widget\" data-widget_type=\"image.default\">\n\t\t\t\t<div class=\"elementor-widget-container\">\n\t\t\t\t\t\t\t\t\t\t\t\t\t\t\t<img fetchpriority=\"high\" decoding=\"async\" width=\"1024\" height=\"683\" src=\"https:\/\/floresdelavictoria.com\/wp-content\/uploads\/2024\/05\/EA_7300-1-2-1024x683.jpg\" class=\"attachment-large size-large wp-image-2168\" alt=\"\" srcset=\"https:\/\/floresdelavictoria.com\/wp-content\/uploads\/2024\/05\/EA_7300-1-2-1024x683.jpg 1024w, https:\/\/floresdelavictoria.com\/wp-content\/uploads\/2024\/05\/EA_7300-1-2-300x200.jpg 300w, https:\/\/floresdelavictoria.com\/wp-content\/uploads\/2024\/05\/EA_7300-1-2-768x512.jpg 768w, https:\/\/floresdelavictoria.com\/wp-content\/uploads\/2024\/05\/EA_7300-1-2-1536x1024.jpg 1536w, https:\/\/floresdelavictoria.com\/wp-content\/uploads\/2024\/05\/EA_7300-1-2-2048x1366.jpg 2048w\" sizes=\"(max-width: 1024px) 100vw, 1024px\" \/>\t\t\t\t\t\t\t\t\t\t\t\t\t\t\t<\/div>\n\t\t\t\t<\/div>\n\t\t\t\t\t<\/div>\n\t\t<\/div>\n\t\t\t\t<div class=\"elementor-column elementor-col-50 elementor-top-column elementor-element elementor-element-4e6331ac\" data-id=\"4e6331ac\" data-element_type=\"column\" data-e-type=\"column\">\n\t\t\t<div class=\"elementor-widget-wrap elementor-element-populated\">\n\t\t\t\t\t\t<div class=\"elementor-element elementor-element-c2665f4 elementor-widget elementor-widget-heading\" data-id=\"c2665f4\" data-element_type=\"widget\" data-e-type=\"widget\" data-widget_type=\"heading.default\">\n\t\t\t\t<div class=\"elementor-widget-container\">\n\t\t\t\t\t<h2 class=\"elementor-heading-title elementor-size-default\">Nuestra Historia<\/h2>\t\t\t\t<\/div>\n\t\t\t\t<\/div>\n\t\t\t\t<div class=\"elementor-element elementor-element-5a2dbf3 elementor-widget elementor-widget-heading\" data-id=\"5a2dbf3\" data-element_type=\"widget\" data-e-type=\"widget\" data-widget_type=\"heading.default\">\n\t\t\t\t<div class=\"elementor-widget-container\">\n\t\t\t\t\t<p class=\"elementor-heading-title elementor-size-default\">Somos una empresa familiar dedicada a la produccion y exportacion de pompon-crisantemo bajo cubierta. <br><br>\n\nNuestro viaje comenz\u00f3 en 1974 cuando nuestro visionario fundador, Jos\u00e9 S\u00e1nchez Gal\u00e1n, cre\u00f3 Flores Llanogrande Florita S.A.S. Desde entonces nos hemos expandido con Flores de la Monta\u00f1a S.A.S. en 1985 y Flores de la Victoria S.A.S. en 2003. Hoy, con casi 50 hect\u00e1reas, podemos producir un gran volumen de flores sin comprometer la calidad.\n\n<br><br>\nEstamos estrat\u00e9gicamente ubicados cerca al  Aeropuerto Internacional Jose Mar\u00eda C\u00f3rdoba, lo que nos permite ser m\u00e1s eficientes en nuestras operaciones.<\/p>\t\t\t\t<\/div>\n\t\t\t\t<\/div>\n\t\t\t\t\t<\/div>\n\t\t<\/div>\n\t\t\t\t\t<\/div>\n\t\t<\/section>\n\t\t\t\t<section class=\"elementor-section elementor-top-section elementor-element elementor-element-ldki55v elementor-section-content-middle elementor-reverse-mobile elementor-section-boxed elementor-section-height-default elementor-section-height-default\" data-id=\"ldki55v\" data-element_type=\"section\" data-e-type=\"section\" data-settings=\"{&quot;background_background&quot;:&quot;classic&quot;}\">\n\t\t\t\t\t\t\t<div class=\"elementor-background-overlay\"><\/div>\n\t\t\t\t\t\t\t<div class=\"elementor-container elementor-column-gap-no\">\n\t\t\t\t\t<div class=\"elementor-column elementor-col-50 elementor-top-column elementor-element elementor-element-b0b74d8\" data-id=\"b0b74d8\" data-element_type=\"column\" data-e-type=\"column\" data-settings=\"{&quot;background_background&quot;:&quot;classic&quot;}\">\n\t\t\t<div class=\"elementor-widget-wrap elementor-element-populated\">\n\t\t\t\t\t\t<div class=\"elementor-element elementor-element-5957c73 elementor-widget elementor-widget-heading\" data-id=\"5957c73\" data-element_type=\"widget\" data-e-type=\"widget\" data-widget_type=\"heading.default\">\n\t\t\t\t<div class=\"elementor-widget-container\">\n\t\t\t\t\t<h2 class=\"elementor-heading-title elementor-size-default\">Compromiso Ambiental<\/h2>\t\t\t\t<\/div>\n\t\t\t\t<\/div>\n\t\t\t\t<div class=\"elementor-element elementor-element-327f367 elementor-widget elementor-widget-text-editor\" data-id=\"327f367\" data-element_type=\"widget\" data-e-type=\"widget\" data-widget_type=\"text-editor.default\">\n\t\t\t\t<div class=\"elementor-widget-container\">\n\t\t\t\t\t\t\t\t\t<p><span data-preserver-spaces=\"true\">Estamos comprometidos con la protecci\u00f3n del medio ambiente. Participamos activamente en programas como el \u201cPrograma de Producci\u00f3n m\u00e1s Limpia\u201d, \u201cReducci\u00f3n de Huella de Carbono\u201d y FOGA. Estas iniciativas tienen como objetivo minimizar el uso de pesticidas qu\u00edmicos para controlar plagas y enfermedades que da\u00f1an las plantas, usando extractos naturales para promover pr\u00e1cticas ecol\u00f3gicas.<\/span><\/p>\t\t\t\t\t\t\t\t<\/div>\n\t\t\t\t<\/div>\n\t\t\t\t\t<\/div>\n\t\t<\/div>\n\t\t\t\t<div class=\"elementor-column elementor-col-50 elementor-top-column elementor-element elementor-element-51962fb\" data-id=\"51962fb\" data-element_type=\"column\" data-e-type=\"column\" data-settings=\"{&quot;background_background&quot;:&quot;classic&quot;}\">\n\t\t\t<div class=\"elementor-widget-wrap elementor-element-populated\">\n\t\t\t\t\t\t<div class=\"elementor-element elementor-element-6315460 elementor-widget-tablet__width-initial elementor-widget-mobile__width-initial elementor-widget elementor-widget-image\" data-id=\"6315460\" data-element_type=\"widget\" data-e-type=\"widget\" data-widget_type=\"image.default\">\n\t\t\t\t<div class=\"elementor-widget-container\">\n\t\t\t\t\t\t\t\t\t\t\t\t\t\t\t<img decoding=\"async\" width=\"1569\" height=\"1542\" src=\"https:\/\/floresdelavictoria.com\/wp-content\/uploads\/2024\/04\/EDD5273-1-1-e1715227369575.jpg\" class=\"attachment-full size-full wp-image-1523\" alt=\"\" srcset=\"https:\/\/floresdelavictoria.com\/wp-content\/uploads\/2024\/04\/EDD5273-1-1-e1715227369575.jpg 1569w, https:\/\/floresdelavictoria.com\/wp-content\/uploads\/2024\/04\/EDD5273-1-1-e1715227369575-300x295.jpg 300w, https:\/\/floresdelavictoria.com\/wp-content\/uploads\/2024\/04\/EDD5273-1-1-e1715227369575-1024x1006.jpg 1024w, https:\/\/floresdelavictoria.com\/wp-content\/uploads\/2024\/04\/EDD5273-1-1-e1715227369575-768x755.jpg 768w, https:\/\/floresdelavictoria.com\/wp-content\/uploads\/2024\/04\/EDD5273-1-1-e1715227369575-1536x1510.jpg 1536w\" sizes=\"(max-width: 1569px) 100vw, 1569px\" \/>\t\t\t\t\t\t\t\t\t\t\t\t\t\t\t<\/div>\n\t\t\t\t<\/div>\n\t\t\t\t\t<\/div>\n\t\t<\/div>\n\t\t\t\t\t<\/div>\n\t\t<\/section>\n\t\t\t\t<\/div>","protected":false},"excerpt":{"rendered":"<p>About Us. Our History We are a family business dedicated to producing and exporting pompom-chrysanthemum under cover. Our journey began in 1974 when our visionary founder, Jose Sanchez Galan, boldly established the business with Flores Llanogrande Florita S.A.S. Since then, we have expanded with Flores de la Monta\u00f1a S.A.S. in 1985 and Flores de la [&hellip;]<\/p>\n","protected":false},"author":1,"featured_media":0,"parent":0,"menu_order":0,"comment_status":"closed","ping_status":"closed","template":"elementor_header_footer","meta":{"_uag_custom_page_level_css":"","site-sidebar-layout":"no-sidebar","site-content-layout":"page-builder","ast-site-content-layout":"default","site-content-style":"default","site-sidebar-style":"default","ast-global-header-display":"","ast-banner-title-visibility":"","ast-main-header-display":"","ast-hfb-above-header-display":"","ast-hfb-below-header-display":"","ast-hfb-mobile-header-display":"","site-post-title":"disabled","ast-breadcrumbs-content":"","ast-featured-img":"disabled","footer-sml-layout":"","ast-disable-related-posts":"","theme-transparent-header-meta":"enabled","adv-header-id-meta":"","stick-header-meta":"","header-above-stick-meta":"","header-main-stick-meta":"","header-below-stick-meta":"","astra-migrate-meta-layouts":"default","ast-page-background-enabled":"default","ast-page-background-meta":{"desktop":{"background-color":"","background-image":"","background-repeat":"repeat","background-position":"center center","background-size":"auto","background-attachment":"scroll","background-type":"","background-media":"","overlay-type":"","overlay-color":"","overlay-opacity":"","overlay-gradient":""},"tablet":{"background-color":"","background-image":"","background-repeat":"repeat","background-position":"center center","background-size":"auto","background-attachment":"scroll","background-type":"","background-media":"","overlay-type":"","overlay-color":"","overlay-opacity":"","overlay-gradient":""},"mobile":{"background-color":"","background-image":"","background-repeat":"repeat","background-position":"center center","background-size":"auto","background-attachment":"scroll","background-type":"","background-media":"","overlay-type":"","overlay-color":"","overlay-opacity":"","overlay-gradient":""}},"ast-content-background-meta":{"desktop":{"background-color":"var(--ast-global-color-5)","background-image":"","background-repeat":"repeat","background-position":"center center","background-size":"auto","background-attachment":"scroll","background-type":"","background-media":"","overlay-type":"","overlay-color":"","overlay-opacity":"","overlay-gradient":""},"tablet":{"background-color":"var(--ast-global-color-5)","background-image":"","background-repeat":"repeat","background-position":"center center","background-size":"auto","background-attachment":"scroll","background-type":"","background-media":"","overlay-type":"","overlay-color":"","overlay-opacity":"","overlay-gradient":""},"mobile":{"background-color":"var(--ast-global-color-5)","background-image":"","background-repeat":"repeat","background-position":"center center","background-size":"auto","background-attachment":"scroll","background-type":"","background-media":"","overlay-type":"","overlay-color":"","overlay-opacity":"","overlay-gradient":""}},"footnotes":""},"class_list":["post-7","page","type-page","status-publish","hentry"],"uagb_featured_image_src":{"full":false,"thumbnail":false,"medium":false,"medium_large":false,"large":false,"1536x1536":false,"2048x2048":false,"trp-custom-language-flag":false},"uagb_author_info":{"display_name":"dany","author_link":"https:\/\/floresdelavictoria.com\/es\/author\/dany\/"},"uagb_comment_info":0,"uagb_excerpt":"About Us. Our History We are a family business dedicated to producing and exporting pompom-chrysanthemum under cover. Our journey began in 1974 when our visionary founder, Jose Sanchez Galan, boldly established the business with Flores Llanogrande Florita S.A.S. Since then, we have expanded with Flores de la Monta\u00f1a S.A.S. in 1985 and Flores de la&hellip;","_links":{"self":[{"href":"https:\/\/floresdelavictoria.com\/es\/wp-json\/wp\/v2\/pages\/7","targetHints":{"allow":["GET"]}}],"collection":[{"href":"https:\/\/floresdelavictoria.com\/es\/wp-json\/wp\/v2\/pages"}],"about":[{"href":"https:\/\/floresdelavictoria.com\/es\/wp-json\/wp\/v2\/types\/page"}],"author":[{"embeddable":true,"href":"https:\/\/floresdelavictoria.com\/es\/wp-json\/wp\/v2\/users\/1"}],"replies":[{"embeddable":true,"href":"https:\/\/floresdelavictoria.com\/es\/wp-json\/wp\/v2\/comments?post=7"}],"version-history":[{"count":219,"href":"https:\/\/floresdelavictoria.com\/es\/wp-json\/wp\/v2\/pages\/7\/revisions"}],"predecessor-version":[{"id":3748,"href":"https:\/\/floresdelavictoria.com\/es\/wp-json\/wp\/v2\/pages\/7\/revisions\/3748"}],"wp:attachment":[{"href":"https:\/\/floresdelavictoria.com\/es\/wp-json\/wp\/v2\/media?parent=7"}],"curies":[{"name":"wp","href":"https:\/\/api.w.org\/{rel}","templated":true}]}}